{"id":502,"date":"2026-02-17T09:06:34","date_gmt":"2026-02-17T09:06:34","guid":{"rendered":"https:\/\/www.planadenjan.com\/politica-de-cookies\/"},"modified":"2026-02-18T11:38:24","modified_gmt":"2026-02-18T11:38:24","slug":"politica-de-cookies","status":"publish","type":"page","link":"https:\/\/www.planadenjan.com\/es\/politica-de-cookies\/","title":{"rendered":"Pol\u00edtica de cookies"},"content":{"rendered":"\t\t<div data-elementor-type=\"wp-page\" data-elementor-id=\"502\" class=\"elementor elementor-502 elementor-443\" data-elementor-post-type=\"page\">\n\t\t\t\t<div class=\"elementor-element elementor-element-1580319 e-flex e-con-boxed e-con e-parent\" data-id=\"1580319\" data-element_type=\"container\" data-e-type=\"container\">\n\t\t\t\t\t<div class=\"e-con-inner\">\n\t\t\t\t<div class=\"elementor-element elementor-element-fa5464f elementor-widget elementor-widget-heading\" data-id=\"fa5464f\" data-element_type=\"widget\" data-e-type=\"widget\" data-widget_type=\"heading.default\">\n\t\t\t\t\t<h2 class=\"elementor-heading-title elementor-size-default\">Pol\u00edtica de Cookies<\/h2>\t\t\t\t<\/div>\n\t\t\t\t<div class=\"elementor-element elementor-element-95459b6 elementor-widget elementor-widget-text-editor\" data-id=\"95459b6\" data-element_type=\"widget\" data-e-type=\"widget\" data-widget_type=\"text-editor.default\">\n\t\t\t\t\t\t\t\t\t<p><strong>\u00bfQu\u00e9 son las cookies? <\/strong><\/p><p>Las cookies son peque\u00f1os archivos de datos que se reciben en el terminal desde el sitio Web visitado y se usan para registrar ciertas interacciones de la navegaci\u00f3n en un sitio Web almacenando datos que podr\u00e1n ser actualizados y recuperados. Estos archivos se almacenan en el ordenador del usuario y contiene datos an\u00f3nimos que no son perjudiciales para su equipo. Se utilizan para recordar las preferencias del usuario, como el idioma seleccionado, datos de acceso o personalizaci\u00f3n de la p\u00e1gina.<\/p><p>Las Cookies tambi\u00e9n pueden ser utilizadas para registrar informaci\u00f3n an\u00f3nima acerca de c\u00f3mo un visitante utiliza un sitio. Por ejemplo, desde qu\u00e9 p\u00e1gina Web ha accedido, o si ha utilizado un \u00abbanner\u00bb publicitario para llegar.<\/p><p><strong>\u00bfQu\u00e9 uso le damos a los diferentes tipos de cookies?<\/strong><\/p><p><strong>\u00a0<\/strong><strong>Seg\u00fan su finalidad:<\/strong><\/p><p><strong>\u00a0<\/strong><\/p><table><tbody><tr><td width=\"325\"><p><strong>\u00a0<\/strong><\/p><p><strong>\u00a0<\/strong><\/p><p><strong>\u00a0<\/strong><\/p><p><strong>\u00a0<\/strong><\/p><p><strong>Cookies t\u00e9cnicas<\/strong><\/p><\/td><td width=\"325\"><p>\u00a0<\/p><p>Las cookies t\u00e9cnicas son aquellas que facilitan la navegaci\u00f3n del usuario y la utilizaci\u00f3n de las diferentes opciones o servicios que ofrece la web como identificar la sesi\u00f3n, permitir el acceso a determinadas \u00e1reas, facilitar pedidos, compras, cumplimentaci\u00f3n de formularios, inscripciones, seguridad, facilitar funcionalidades (videos, redes sociales\u2026).<\/p><p>\u00a0<\/p><\/td><\/tr><tr><td width=\"325\"><p><strong>\u00a0<\/strong><\/p><p><strong>\u00a0<\/strong><\/p><p><strong>Cookies de personalizaci\u00f3n<\/strong><\/p><\/td><td width=\"325\"><p>\u00a0<\/p><p>Las cookies de personalizaci\u00f3n permiten al usuario acceder a los servicios seg\u00fan sus preferencias (idioma, navegador, configuraci\u00f3n\u2026).<\/p><p>\u00a0<\/p><\/td><\/tr><tr><td width=\"325\"><p><strong>\u00a0<\/strong><\/p><p><strong>\u00a0<\/strong><\/p><p><strong>Cookies anal\u00edticas<\/strong><\/p><\/td><td width=\"325\"><p>\u00a0<\/p><p>Las cookies de an\u00e1lisis son las utilizadas para llevar a cabo el an\u00e1lisis an\u00f3nimo del comportamiento de los usuarios de la web y que permiten medir la actividad del usuario y elaborar perfiles de navegaci\u00f3n con el fin objetivo de mejorar los sitios web.<\/p><p>\u00a0<\/p><\/td><\/tr><tr><td width=\"325\"><p><strong>\u00a0<\/strong><\/p><p><strong>\u00a0<\/strong><\/p><p><strong>\u00a0<\/strong><\/p><p><strong>\u00a0<\/strong><\/p><p><strong>Cookies publicitarias<\/strong><\/p><\/td><td width=\"325\"><p>\u00a0<\/p><p>Las cookies publicitarias permiten la gesti\u00f3n de los espacios publicitarios de la web. Adem\u00e1s, estas cookies pueden ser de publicidad personalizada y permitir as\u00ed la gesti\u00f3n de los espacios publicitarios de la web en base al comportamiento y h\u00e1bitos de navegaci\u00f3n de usuario, de donde se obtiene su perfil y permiten personalizar la publicidad que se muestra en el navegador del usuario u otros perfiles y redes sociales del usuario.<\/p><p>\u00a0<\/p><\/td><\/tr><\/tbody><\/table><p><strong>Seg\u00fan su plazo:<\/strong><\/p><p>\u00a0<\/p><table><tbody><tr><td width=\"325\"><p><strong>\u00a0<\/strong><\/p><p><strong>Cookies de sesi\u00f3n<\/strong><\/p><\/td><td width=\"325\"><p>\u00a0<\/p><p>Las cookies de sesi\u00f3n son aquellas que duran el tiempo que el usuario est\u00e1 navegando por la p\u00e1gina Web y se borran al cerrar el navegador.<\/p><p>\u00a0<\/p><\/td><\/tr><tr><td width=\"325\"><p><strong>\u00a0<\/strong><\/p><p><strong>\u00a0<\/strong><\/p><p><strong>Cookies persistentes<\/strong><\/p><\/td><td width=\"325\"><p>\u00a0<\/p><p>Estas cookies quedan almacenadas en el terminal del usuario hasta que son eliminadas manualmente o haya concluido el periodo de duraci\u00f3n establecido para dicha cookie.<\/p><p>\u00a0<\/p><\/td><\/tr><\/tbody><\/table><p><strong>Seg\u00fan su titularidad:<\/strong><\/p><p>\u00a0<\/p><table><tbody><tr><td width=\"325\"><p><strong>\u00a0<\/strong><\/p><p><strong>Cookies propias<\/strong><\/p><\/td><td width=\"325\"><p>\u00a0<\/p><p>Aqu\u00e9llas que se env\u00edan al equipo terminal del usuario desde un equipo o dominio gestionado por el propio editor y desde el que se presta el servicio solicitado por el usuario.<\/p><p>\u00a0<\/p><\/td><\/tr><tr><td width=\"325\"><p><strong>\u00a0<\/strong><\/p><p><strong>\u00a0<\/strong><\/p><p><strong>Cookies de terceros<\/strong><\/p><\/td><td width=\"325\"><p>\u00a0<\/p><p>Aqu\u00e9llas que se env\u00edan al equipo terminal del usuario desde un equipo o dominio que no es gestionado por el editor, sino por otra entidad que trata los datos obtenidos trav\u00e9s de las cookies.<\/p><\/td><\/tr><\/tbody><\/table><p>\u00a0<\/p><p><strong>La siguiente tabla recoge la clasificaci\u00f3n y descripci\u00f3n de las cookies utilizadas en la presente p\u00e1gina web para que puedas identificarlas en tu navegador:<\/strong><\/p><p>\u00a0<\/p><table width=\"100%\"><tbody><tr><td width=\"27%\"><p><strong>Nombre<\/strong><\/p><\/td><td width=\"21%\"><p><strong>Titular<\/strong><\/p><\/td><td width=\"16%\"><p><strong>Datos recabados<\/strong><\/p><\/td><td width=\"12%\"><p><strong>Finalidad<\/strong><\/p><\/td><td width=\"23%\"><p><strong>Duraci\u00f3n<\/strong><\/p><\/td><\/tr><tr><td width=\"27%\"><p><strong>wp-wpml_current_language<\/strong><\/p><\/td><td width=\"21%\"><p>Cookie propia (planadenjan.com)<\/p><\/td><td width=\"16%\"><p>Idioma seleccionado por el usuario en WPML (WordPress Multilingual Plugin)<\/p><\/td><td width=\"12%\"><p>Personalizaci\u00f3n.<\/p><\/td><td width=\"23%\"><p>Al finalizar la sesi\u00f3n con el navegador.<\/p><\/td><\/tr><\/tbody><\/table><p><strong>\u00a0<\/strong><\/p><p><strong>\u00a0<\/strong><\/p><p><strong>\u00a0<\/strong><\/p><p><strong>PLANA D&#8217;EN JAN <\/strong>utiliza cookies t\u00e9cnicas y de personalizaci\u00f3n propias, que tratan datos de conexi\u00f3n y\/o del dispositivo para asegurar la conexi\u00f3n y buena navegaci\u00f3n en la web.<\/p><p>En su caso, esta p\u00e1gina web podr\u00e1 utilizar tambi\u00e9n cookies propias con la \u00fanica finalidad de medir las audiencias de esta y por tanto consideradas exentas de consentimiento.<\/p><p>Por ello, no se requiere, de acuerdo con el art\u00edculo 22 de la Ley de Servicios de la Sociedad de la Informaci\u00f3n, su consentimiento para su instalaci\u00f3n.<\/p><p><strong>De todas formas, le informamos que puede activar o desactivar las cookies siguiendo las instrucciones de su navegador de Internet:<\/strong><\/p><table width=\"760\"><tbody><tr><td width=\"142\"><p><strong>Chrome<\/strong><\/p><p><strong>\u00a0<\/strong><\/p><\/td><td width=\"274\"><p>Configuraci\u00f3n \u00e0 Mostrar opciones avanzadas \u00e0 Privacidad \u00e0 Configuraci\u00f3n de contenido.<\/p><\/td><td width=\"246\"><p><a href=\"https:\/\/support.google.com\/\">support.google.com<\/a><\/p><p>\u00a0<\/p><\/td><td width=\"99\"><p>\u00a0<\/p><\/td><\/tr><tr><td width=\"142\"><p><strong>\u00a0<\/strong><\/p><p><strong>Firefox<\/strong><\/p><p><strong>\u00a0<\/strong><\/p><\/td><td width=\"274\"><p>Herramientas \u00e0 Opciones \u00e0 Privacidad \u00e0 Historial \u00e0 Configuraci\u00f3n Personalizada.<\/p><\/td><td width=\"246\"><p><a href=\"https:\/\/support.mozilla.org\/\">support.mozilla.org<\/a><\/p><\/td><td width=\"99\"><p>\u00a0<\/p><\/td><\/tr><tr><td width=\"142\"><p><strong>Internet Explorer<\/strong><\/p><p><strong>\u00a0<\/strong><\/p><\/td><td width=\"274\"><p>\u00a0<\/p><p>Herramientas \u00e0 Opciones de Internet \u00e0 Privacidad \u00e0 Configuraci\u00f3n.<\/p><p>\u00a0<\/p><\/td><td width=\"246\"><p><a href=\"https:\/\/windows.microsoft.com\">windows.microsoft.com<\/a><\/p><\/td><td width=\"99\"><p>\u00a0<\/p><\/td><\/tr><tr><td width=\"142\"><p><strong>Opera<\/strong><\/p><p><strong>\u00a0<\/strong><\/p><\/td><td width=\"274\"><p>\u00a0<\/p><p>Herramientas \u00e0 Preferencias \u00e0 Editar preferencias \u00e0 Cookies.<\/p><p>\u00a0<\/p><\/td><td width=\"246\"><p><a href=\"http:\/\/www.opera.com\/help\/tutorials\/security\/cookies\/\">http:\/\/www.opera.com\/help\/tutorials\/security\/cookies\/<\/a><\/p><\/td><td width=\"99\"><p>\u00a0<\/p><p>\u00a0<\/p><\/td><\/tr><tr><td width=\"142\"><p><strong>\u00a0<\/strong><\/p><p><strong>Safari<\/strong><\/p><p><strong>\u00a0<\/strong><\/p><\/td><td width=\"274\"><p>\u00a0<\/p><p>Preferencias \u00e0 Seguridad.<\/p><p>\u00a0<\/p><\/td><td width=\"246\"><p><a href=\"http:\/\/www.apple.com\">http:\/\/www.apple.com<\/a><\/p><\/td><td width=\"99\"><p>\u00a0<\/p><\/td><\/tr><tr><td width=\"142\"><p><strong>Edge<\/strong><\/p><p><strong>\u00a0<\/strong><\/p><\/td><td width=\"274\"><p>\u00a0<\/p><p>Configuraci\u00f3n \u00e0 Ver configuraci\u00f3n avanzada \u00e0 Privacidad y servicios \u00e0 Cookies.<\/p><p>\u00a0<\/p><\/td><td width=\"246\"><p><a href=\"https:\/\/privacy.microsoft.com\/es-es\/windows-10-microsoft-edge-and-privacy\">https:\/\/privacy.microsoft.com\/es-es\/windows-10-microsoft-edge-and-privacy<\/a><\/p><p>\u00a0<\/p><\/td><td width=\"99\"><p>\u00a0<\/p><\/td><\/tr><\/tbody><\/table><p><br \/><br \/><\/p>\t\t\t\t\t\t\t\t<\/div>\n\t\t\t\t\t<\/div>\n\t\t\t\t<\/div>\n\t\t\t\t<\/div>\n\t\t","protected":false},"excerpt":{"rendered":"<p>Pol\u00edtica de Cookies \u00bfQu\u00e9 son las cookies? Las cookies son peque\u00f1os archivos de datos que se reciben en el terminal desde el sitio Web visitado y se usan para registrar ciertas interacciones de la navegaci\u00f3n en un sitio Web almacenando datos que podr\u00e1n ser actualizados y recuperados. Estos archivos se almacenan en el ordenador del [&hellip;]<\/p>\n","protected":false},"author":3,"featured_media":0,"parent":0,"menu_order":0,"comment_status":"closed","ping_status":"closed","template":"elementor_header_footer","meta":{"footnotes":""},"class_list":["post-502","page","type-page","status-publish","hentry"],"yoast_head":"<!-- This site is optimized with the Yoast SEO plugin v27.0 - https:\/\/yoast.com\/product\/yoast-seo-wordpress\/ -->\n<title>Pol\u00edtica de cookies - PLANA DEN JAN<\/title>\n<meta name=\"robots\" content=\"index, follow, max-snippet:-1, max-image-preview:large, max-video-preview:-1\" \/>\n<link rel=\"canonical\" href=\"https:\/\/www.planadenjan.com\/es\/politica-de-cookies\/\" \/>\n<meta property=\"og:locale\" content=\"es_ES\" \/>\n<meta property=\"og:type\" content=\"article\" \/>\n<meta property=\"og:title\" content=\"Pol\u00edtica de cookies - PLANA DEN JAN\" \/>\n<meta property=\"og:description\" content=\"Pol\u00edtica de Cookies \u00bfQu\u00e9 son las cookies? Las cookies son peque\u00f1os archivos de datos que se reciben en el terminal desde el sitio Web visitado y se usan para registrar ciertas interacciones de la navegaci\u00f3n en un sitio Web almacenando datos que podr\u00e1n ser actualizados y recuperados. Estos archivos se almacenan en el ordenador del [&hellip;]\" \/>\n<meta property=\"og:url\" content=\"https:\/\/www.planadenjan.com\/es\/politica-de-cookies\/\" \/>\n<meta property=\"og:site_name\" content=\"PLANA DEN JAN\" \/>\n<meta property=\"article:modified_time\" content=\"2026-02-18T11:38:24+00:00\" \/>\n<meta name=\"twitter:card\" content=\"summary_large_image\" \/>\n<meta name=\"twitter:label1\" content=\"Tiempo de lectura\" \/>\n\t<meta name=\"twitter:data1\" content=\"4 minutos\" \/>\n<script type=\"application\/ld+json\" class=\"yoast-schema-graph\">{\"@context\":\"https:\/\/schema.org\",\"@graph\":[{\"@type\":\"WebPage\",\"@id\":\"https:\/\/www.planadenjan.com\/es\/politica-de-cookies\/\",\"url\":\"https:\/\/www.planadenjan.com\/es\/politica-de-cookies\/\",\"name\":\"Pol\u00edtica de cookies - PLANA DEN JAN\",\"isPartOf\":{\"@id\":\"https:\/\/www.planadenjan.com\/#website\"},\"datePublished\":\"2026-02-17T09:06:34+00:00\",\"dateModified\":\"2026-02-18T11:38:24+00:00\",\"breadcrumb\":{\"@id\":\"https:\/\/www.planadenjan.com\/es\/politica-de-cookies\/#breadcrumb\"},\"inLanguage\":\"es\",\"potentialAction\":[{\"@type\":\"ReadAction\",\"target\":[\"https:\/\/www.planadenjan.com\/es\/politica-de-cookies\/\"]}]},{\"@type\":\"BreadcrumbList\",\"@id\":\"https:\/\/www.planadenjan.com\/es\/politica-de-cookies\/#breadcrumb\",\"itemListElement\":[{\"@type\":\"ListItem\",\"position\":1,\"name\":\"Portada\",\"item\":\"https:\/\/www.planadenjan.com\/es\/inicio\/\"},{\"@type\":\"ListItem\",\"position\":2,\"name\":\"Pol\u00edtica de cookies\"}]},{\"@type\":\"WebSite\",\"@id\":\"https:\/\/www.planadenjan.com\/#website\",\"url\":\"https:\/\/www.planadenjan.com\/\",\"name\":\"PLANA DEN JAN\",\"description\":\"Microvinificacions de parcel.les \u00faniques amb minima intervenci\u00f3 en ple cor del Pened\u00e8s\",\"potentialAction\":[{\"@type\":\"SearchAction\",\"target\":{\"@type\":\"EntryPoint\",\"urlTemplate\":\"https:\/\/www.planadenjan.com\/?s={search_term_string}\"},\"query-input\":{\"@type\":\"PropertyValueSpecification\",\"valueRequired\":true,\"valueName\":\"search_term_string\"}}],\"inLanguage\":\"es\"}]}<\/script>\n<!-- \/ Yoast SEO plugin. -->","yoast_head_json":{"title":"Pol\u00edtica de cookies - PLANA DEN JAN","robots":{"index":"index","follow":"follow","max-snippet":"max-snippet:-1","max-image-preview":"max-image-preview:large","max-video-preview":"max-video-preview:-1"},"canonical":"https:\/\/www.planadenjan.com\/es\/politica-de-cookies\/","og_locale":"es_ES","og_type":"article","og_title":"Pol\u00edtica de cookies - PLANA DEN JAN","og_description":"Pol\u00edtica de Cookies \u00bfQu\u00e9 son las cookies? Las cookies son peque\u00f1os archivos de datos que se reciben en el terminal desde el sitio Web visitado y se usan para registrar ciertas interacciones de la navegaci\u00f3n en un sitio Web almacenando datos que podr\u00e1n ser actualizados y recuperados. Estos archivos se almacenan en el ordenador del [&hellip;]","og_url":"https:\/\/www.planadenjan.com\/es\/politica-de-cookies\/","og_site_name":"PLANA DEN JAN","article_modified_time":"2026-02-18T11:38:24+00:00","twitter_card":"summary_large_image","twitter_misc":{"Tiempo de lectura":"4 minutos"},"schema":{"@context":"https:\/\/schema.org","@graph":[{"@type":"WebPage","@id":"https:\/\/www.planadenjan.com\/es\/politica-de-cookies\/","url":"https:\/\/www.planadenjan.com\/es\/politica-de-cookies\/","name":"Pol\u00edtica de cookies - PLANA DEN JAN","isPartOf":{"@id":"https:\/\/www.planadenjan.com\/#website"},"datePublished":"2026-02-17T09:06:34+00:00","dateModified":"2026-02-18T11:38:24+00:00","breadcrumb":{"@id":"https:\/\/www.planadenjan.com\/es\/politica-de-cookies\/#breadcrumb"},"inLanguage":"es","potentialAction":[{"@type":"ReadAction","target":["https:\/\/www.planadenjan.com\/es\/politica-de-cookies\/"]}]},{"@type":"BreadcrumbList","@id":"https:\/\/www.planadenjan.com\/es\/politica-de-cookies\/#breadcrumb","itemListElement":[{"@type":"ListItem","position":1,"name":"Portada","item":"https:\/\/www.planadenjan.com\/es\/inicio\/"},{"@type":"ListItem","position":2,"name":"Pol\u00edtica de cookies"}]},{"@type":"WebSite","@id":"https:\/\/www.planadenjan.com\/#website","url":"https:\/\/www.planadenjan.com\/","name":"PLANA DEN JAN","description":"Microvinificacions de parcel.les \u00faniques amb minima intervenci\u00f3 en ple cor del Pened\u00e8s","potentialAction":[{"@type":"SearchAction","target":{"@type":"EntryPoint","urlTemplate":"https:\/\/www.planadenjan.com\/?s={search_term_string}"},"query-input":{"@type":"PropertyValueSpecification","valueRequired":true,"valueName":"search_term_string"}}],"inLanguage":"es"}]}},"_links":{"self":[{"href":"https:\/\/www.planadenjan.com\/es\/wp-json\/wp\/v2\/pages\/502","targetHints":{"allow":["GET"]}}],"collection":[{"href":"https:\/\/www.planadenjan.com\/es\/wp-json\/wp\/v2\/pages"}],"about":[{"href":"https:\/\/www.planadenjan.com\/es\/wp-json\/wp\/v2\/types\/page"}],"author":[{"embeddable":true,"href":"https:\/\/www.planadenjan.com\/es\/wp-json\/wp\/v2\/users\/3"}],"replies":[{"embeddable":true,"href":"https:\/\/www.planadenjan.com\/es\/wp-json\/wp\/v2\/comments?post=502"}],"version-history":[{"count":4,"href":"https:\/\/www.planadenjan.com\/es\/wp-json\/wp\/v2\/pages\/502\/revisions"}],"predecessor-version":[{"id":506,"href":"https:\/\/www.planadenjan.com\/es\/wp-json\/wp\/v2\/pages\/502\/revisions\/506"}],"wp:attachment":[{"href":"https:\/\/www.planadenjan.com\/es\/wp-json\/wp\/v2\/media?parent=502"}],"curies":[{"name":"wp","href":"https:\/\/api.w.org\/{rel}","templated":true}]}}