{"id":455,"date":"2026-02-17T09:05:36","date_gmt":"2026-02-17T09:05:36","guid":{"rendered":"https:\/\/www.planadenjan.com\/politica-de-privacidad\/"},"modified":"2026-02-17T09:31:13","modified_gmt":"2026-02-17T09:31:13","slug":"politica-de-privacidad","status":"publish","type":"page","link":"https:\/\/www.planadenjan.com\/es\/politica-de-privacidad\/","title":{"rendered":"Pol\u00edtica de privacidad"},"content":{"rendered":"","protected":false},"excerpt":{"rendered":"","protected":false},"author":3,"featured_media":0,"parent":0,"menu_order":0,"comment_status":"closed","ping_status":"closed","template":"elementor_header_footer","meta":{"footnotes":""},"class_list":["post-455","page","type-page","status-publish","hentry"],"yoast_head":"<!-- This site is optimized with the Yoast SEO plugin v27.0 - https:\/\/yoast.com\/product\/yoast-seo-wordpress\/ -->\n<title>Pol\u00edtica de privacidad - PLANA DEN JAN<\/title>\n<meta name=\"robots\" content=\"index, follow, max-snippet:-1, max-image-preview:large, max-video-preview:-1\" \/>\n<link rel=\"canonical\" href=\"https:\/\/www.planadenjan.com\/es\/politica-de-privacidad\/\" \/>\n<meta property=\"og:locale\" content=\"es_ES\" \/>\n<meta property=\"og:type\" content=\"article\" \/>\n<meta property=\"og:title\" content=\"Pol\u00edtica de privacidad - PLANA DEN JAN\" \/>\n<meta property=\"og:url\" content=\"https:\/\/www.planadenjan.com\/es\/politica-de-privacidad\/\" \/>\n<meta property=\"og:site_name\" content=\"PLANA DEN JAN\" \/>\n<meta property=\"article:modified_time\" content=\"2026-02-17T09:31:13+00:00\" \/>\n<meta name=\"twitter:card\" content=\"summary_large_image\" \/>\n<script type=\"application\/ld+json\" class=\"yoast-schema-graph\">{\"@context\":\"https:\/\/schema.org\",\"@graph\":[{\"@type\":\"WebPage\",\"@id\":\"https:\/\/www.planadenjan.com\/es\/politica-de-privacidad\/\",\"url\":\"https:\/\/www.planadenjan.com\/es\/politica-de-privacidad\/\",\"name\":\"Pol\u00edtica de privacidad - PLANA DEN JAN\",\"isPartOf\":{\"@id\":\"https:\/\/www.planadenjan.com\/#website\"},\"datePublished\":\"2026-02-17T09:05:36+00:00\",\"dateModified\":\"2026-02-17T09:31:13+00:00\",\"breadcrumb\":{\"@id\":\"https:\/\/www.planadenjan.com\/es\/politica-de-privacidad\/#breadcrumb\"},\"inLanguage\":\"es\",\"potentialAction\":[{\"@type\":\"ReadAction\",\"target\":[\"https:\/\/www.planadenjan.com\/es\/politica-de-privacidad\/\"]}]},{\"@type\":\"BreadcrumbList\",\"@id\":\"https:\/\/www.planadenjan.com\/es\/politica-de-privacidad\/#breadcrumb\",\"itemListElement\":[{\"@type\":\"ListItem\",\"position\":1,\"name\":\"Portada\",\"item\":\"https:\/\/www.planadenjan.com\/es\/inicio\/\"},{\"@type\":\"ListItem\",\"position\":2,\"name\":\"Pol\u00edtica de privacidad\"}]},{\"@type\":\"WebSite\",\"@id\":\"https:\/\/www.planadenjan.com\/#website\",\"url\":\"https:\/\/www.planadenjan.com\/\",\"name\":\"PLANA DEN JAN\",\"description\":\"Microvinificacions de parcel.les \u00faniques amb minima intervenci\u00f3 en ple cor del Pened\u00e8s\",\"potentialAction\":[{\"@type\":\"SearchAction\",\"target\":{\"@type\":\"EntryPoint\",\"urlTemplate\":\"https:\/\/www.planadenjan.com\/?s={search_term_string}\"},\"query-input\":{\"@type\":\"PropertyValueSpecification\",\"valueRequired\":true,\"valueName\":\"search_term_string\"}}],\"inLanguage\":\"es\"}]}<\/script>\n<!-- \/ Yoast SEO plugin. -->","yoast_head_json":{"title":"Pol\u00edtica de privacidad - PLANA DEN JAN","robots":{"index":"index","follow":"follow","max-snippet":"max-snippet:-1","max-image-preview":"max-image-preview:large","max-video-preview":"max-video-preview:-1"},"canonical":"https:\/\/www.planadenjan.com\/es\/politica-de-privacidad\/","og_locale":"es_ES","og_type":"article","og_title":"Pol\u00edtica de privacidad - PLANA DEN JAN","og_url":"https:\/\/www.planadenjan.com\/es\/politica-de-privacidad\/","og_site_name":"PLANA DEN JAN","article_modified_time":"2026-02-17T09:31:13+00:00","twitter_card":"summary_large_image","schema":{"@context":"https:\/\/schema.org","@graph":[{"@type":"WebPage","@id":"https:\/\/www.planadenjan.com\/es\/politica-de-privacidad\/","url":"https:\/\/www.planadenjan.com\/es\/politica-de-privacidad\/","name":"Pol\u00edtica de privacidad - PLANA DEN JAN","isPartOf":{"@id":"https:\/\/www.planadenjan.com\/#website"},"datePublished":"2026-02-17T09:05:36+00:00","dateModified":"2026-02-17T09:31:13+00:00","breadcrumb":{"@id":"https:\/\/www.planadenjan.com\/es\/politica-de-privacidad\/#breadcrumb"},"inLanguage":"es","potentialAction":[{"@type":"ReadAction","target":["https:\/\/www.planadenjan.com\/es\/politica-de-privacidad\/"]}]},{"@type":"BreadcrumbList","@id":"https:\/\/www.planadenjan.com\/es\/politica-de-privacidad\/#breadcrumb","itemListElement":[{"@type":"ListItem","position":1,"name":"Portada","item":"https:\/\/www.planadenjan.com\/es\/inicio\/"},{"@type":"ListItem","position":2,"name":"Pol\u00edtica de privacidad"}]},{"@type":"WebSite","@id":"https:\/\/www.planadenjan.com\/#website","url":"https:\/\/www.planadenjan.com\/","name":"PLANA DEN JAN","description":"Microvinificacions de parcel.les \u00faniques amb minima intervenci\u00f3 en ple cor del Pened\u00e8s","potentialAction":[{"@type":"SearchAction","target":{"@type":"EntryPoint","urlTemplate":"https:\/\/www.planadenjan.com\/?s={search_term_string}"},"query-input":{"@type":"PropertyValueSpecification","valueRequired":true,"valueName":"search_term_string"}}],"inLanguage":"es"}]}},"_links":{"self":[{"href":"https:\/\/www.planadenjan.com\/es\/wp-json\/wp\/v2\/pages\/455","targetHints":{"allow":["GET"]}}],"collection":[{"href":"https:\/\/www.planadenjan.com\/es\/wp-json\/wp\/v2\/pages"}],"about":[{"href":"https:\/\/www.planadenjan.com\/es\/wp-json\/wp\/v2\/types\/page"}],"author":[{"embeddable":true,"href":"https:\/\/www.planadenjan.com\/es\/wp-json\/wp\/v2\/users\/3"}],"replies":[{"embeddable":true,"href":"https:\/\/www.planadenjan.com\/es\/wp-json\/wp\/v2\/comments?post=455"}],"version-history":[{"count":1,"href":"https:\/\/www.planadenjan.com\/es\/wp-json\/wp\/v2\/pages\/455\/revisions"}],"predecessor-version":[{"id":456,"href":"https:\/\/www.planadenjan.com\/es\/wp-json\/wp\/v2\/pages\/455\/revisions\/456"}],"wp:attachment":[{"href":"https:\/\/www.planadenjan.com\/es\/wp-json\/wp\/v2\/media?parent=455"}],"curies":[{"name":"wp","href":"https:\/\/api.w.org\/{rel}","templated":true}]}}