{"id":417,"date":"2026-02-12T09:09:56","date_gmt":"2026-02-12T09:09:56","guid":{"rendered":"https:\/\/www.planadenjan.com\/historia\/"},"modified":"2026-03-12T09:04:31","modified_gmt":"2026-03-12T09:04:31","slug":"historia","status":"publish","type":"page","link":"https:\/\/www.planadenjan.com\/es\/historia\/","title":{"rendered":"Historia"},"content":{"rendered":"\t\t<div data-elementor-type=\"wp-page\" data-elementor-id=\"417\" class=\"elementor elementor-417 elementor-265\" data-elementor-post-type=\"page\">\n\t\t\t\t<div class=\"elementor-element elementor-element-0078d2f e-flex e-con-boxed e-con e-parent\" data-id=\"0078d2f\" data-element_type=\"container\" data-e-type=\"container\" data-settings=\"{&quot;background_background&quot;:&quot;classic&quot;}\">\n\t\t\t\t\t<div class=\"e-con-inner\">\n\t\t\t\t<div class=\"elementor-element elementor-element-721a679 elementor-widget elementor-widget-heading\" data-id=\"721a679\" data-element_type=\"widget\" data-e-type=\"widget\" data-widget_type=\"heading.default\">\n\t\t\t\t\t<h2 class=\"elementor-heading-title elementor-size-default\">Historia<\/h2>\t\t\t\t<\/div>\n\t\t\t\t<div class=\"elementor-element elementor-element-fb6cf91 elementor-widget elementor-widget-heading\" data-id=\"fb6cf91\" data-element_type=\"widget\" data-e-type=\"widget\" data-widget_type=\"heading.default\">\n\t\t\t\t\t<h2 class=\"elementor-heading-title elementor-size-default\">de la familia Marrugat<\/h2>\t\t\t\t<\/div>\n\t\t\t\t<div class=\"elementor-element elementor-element-7c50080 elementor-widget__width-initial elementor-widget-mobile__width-inherit elementor-widget-tablet__width-initial elementor-widget elementor-widget-heading\" data-id=\"7c50080\" data-element_type=\"widget\" data-e-type=\"widget\" data-widget_type=\"heading.default\">\n\t\t\t\t\t<h2 class=\"elementor-heading-title elementor-size-default\">Cuatro generaciones de viticultores<\/h2>\t\t\t\t<\/div>\n\t\t\t\t\t<\/div>\n\t\t\t\t<\/div>\n\t\t<div class=\"elementor-element elementor-element-ae8bbf5 e-flex e-con-boxed e-con e-parent\" data-id=\"ae8bbf5\" data-element_type=\"container\" data-e-type=\"container\">\n\t\t\t\t\t<div class=\"e-con-inner\">\n\t\t\t\t<div class=\"elementor-element elementor-element-a84abb0 elementor-widget elementor-widget-heading\" data-id=\"a84abb0\" data-element_type=\"widget\" data-e-type=\"widget\" data-widget_type=\"heading.default\">\n\t\t\t\t\t<h2 class=\"elementor-heading-title elementor-size-default\">Finca Mas d'en Benet - Desde 1895<\/h2>\t\t\t\t<\/div>\n\t\t\t\t<div class=\"elementor-element elementor-element-8a901ea elementor-widget__width-initial elementor-widget elementor-widget-text-editor\" data-id=\"8a901ea\" data-element_type=\"widget\" data-e-type=\"widget\" data-widget_type=\"text-editor.default\">\n\t\t\t\t\t\t\t\t\t<p data-start=\"41\" data-end=\"294\">El bisabuelo <strong data-start=\"51\" data-end=\"74\">Joan Marrugat Mart\u00ed <\/strong>comerciaba con vino en el almac\u00e9n de Vilafranca del Pened\u00e8s de la calle Pere Alegret. Pero \u00e9l quer\u00eda construir una bodega y vinificar sus propios vi\u00f1edos, por eso compra la mas\u00eda y la finca de <strong data-start=\"267\" data-end=\"285\">Mas d\u2019en Benet<\/strong> en 1895.<\/p><p data-start=\"296\" data-end=\"593\">Antiguamente la finca era mitad sembrado y mitad vi\u00f1edo. El relevo lo continu\u00f3 <strong data-start=\"377\" data-end=\"402\">Josep Marrugat Vall\u00e8s<\/strong>, quien fue a aprender a hacer vino a Alemania y de su estancia se conservan dos graduadores de vino de la \u00e9poca, pero muri\u00f3 joven cuando sus dos hijos, Rita y Joan, a\u00fan eran peque\u00f1os.<\/p>\t\t\t\t\t\t\t\t<\/div>\n\t\t\t\t\t<\/div>\n\t\t\t\t<\/div>\n\t\t<div class=\"elementor-element elementor-element-0476d4a e-con-full e-flex e-con e-parent\" data-id=\"0476d4a\" data-element_type=\"container\" data-e-type=\"container\" data-settings=\"{&quot;background_background&quot;:&quot;classic&quot;}\">\n\t\t<div class=\"elementor-element elementor-element-5d1dab3 e-con-full e-flex e-con e-child\" data-id=\"5d1dab3\" data-element_type=\"container\" data-e-type=\"container\">\n\t\t\t\t<div class=\"elementor-element elementor-element-8735a25 elementor-widget elementor-widget-image\" data-id=\"8735a25\" data-element_type=\"widget\" data-e-type=\"widget\" data-widget_type=\"image.default\">\n\t\t\t\t\t\t\t\t\t\t\t\t\t\t\t<img decoding=\"async\" src=\"https:\/\/www.planadenjan.com\/wp-content\/uploads\/elementor\/thumbs\/foto-besavi-q1m5n421bj1dq3sunw3q68jgvpvhokxoa75cl8uvt4.jpg\" title=\"foto-besavi\" alt=\"foto-besavi\" loading=\"lazy\" \/>\t\t\t\t\t\t\t\t\t\t\t\t\t\t\t<\/div>\n\t\t\t\t<div class=\"elementor-element elementor-element-48d1ba9 elementor-widget elementor-widget-text-editor\" data-id=\"48d1ba9\" data-element_type=\"widget\" data-e-type=\"widget\" data-widget_type=\"text-editor.default\">\n\t\t\t\t\t\t\t\t\t<p><em>1a generaci\u00f3n &#8211; Bisabuelo Joan Marrugat Mart\u00ed<\/em><\/p>\t\t\t\t\t\t\t\t<\/div>\n\t\t\t\t<\/div>\n\t\t<div class=\"elementor-element elementor-element-971d26f e-con-full e-flex e-con e-child\" data-id=\"971d26f\" data-element_type=\"container\" data-e-type=\"container\">\n\t\t\t\t<div class=\"elementor-element elementor-element-69e7558 elementor-widget elementor-widget-image\" data-id=\"69e7558\" data-element_type=\"widget\" data-e-type=\"widget\" data-widget_type=\"image.default\">\n\t\t\t\t\t\t\t\t\t\t\t\t\t\t\t<img decoding=\"async\" src=\"https:\/\/www.planadenjan.com\/wp-content\/uploads\/elementor\/thumbs\/foto-avi-marrugat-rj3oxbug82ho2j7v5zuynyphp8iqj1zrjs45qqphu0.jpg\" title=\"foto-avi-marrugat\" alt=\"L&#039;avi\" loading=\"lazy\" \/>\t\t\t\t\t\t\t\t\t\t\t\t\t\t\t<\/div>\n\t\t\t\t<div class=\"elementor-element elementor-element-aaa900b elementor-widget elementor-widget-text-editor\" data-id=\"aaa900b\" data-element_type=\"widget\" data-e-type=\"widget\" data-widget_type=\"text-editor.default\">\n\t\t\t\t\t\t\t\t\t<p><em>2a generaci\u00f3n &#8211; Josep Marrugat Vall\u00e8s<\/em><\/p>\t\t\t\t\t\t\t\t<\/div>\n\t\t\t\t<\/div>\n\t\t<div class=\"elementor-element elementor-element-385051d e-con-full e-flex e-con e-child\" data-id=\"385051d\" data-element_type=\"container\" data-e-type=\"container\">\n\t\t\t\t<div class=\"elementor-element elementor-element-cfe50e2 elementor-widget elementor-widget-image\" data-id=\"cfe50e2\" data-element_type=\"widget\" data-e-type=\"widget\" data-widget_type=\"image.default\">\n\t\t\t\t\t\t\t\t\t\t\t\t\t\t\t<img decoding=\"async\" src=\"https:\/\/www.planadenjan.com\/wp-content\/uploads\/elementor\/thumbs\/foto-pare-joan-marrugat-bolet-rj3oqdtdq4zea9b1pzs78psvoqr3nkf5xel03507t4.jpg\" title=\"foto-pare-joan-marrugat-bolet\" alt=\"El Pare joan marrugat bolet\" loading=\"lazy\" \/>\t\t\t\t\t\t\t\t\t\t\t\t\t\t\t<\/div>\n\t\t\t\t<div class=\"elementor-element elementor-element-fb0ecd6 elementor-widget elementor-widget-text-editor\" data-id=\"fb0ecd6\" data-element_type=\"widget\" data-e-type=\"widget\" data-widget_type=\"text-editor.default\">\n\t\t\t\t\t\t\t\t\t<p><em>3a generaci\u00f3n &#8211; Joan Marrugat Bolet<\/em><\/p>\t\t\t\t\t\t\t\t<\/div>\n\t\t\t\t<\/div>\n\t\t<div class=\"elementor-element elementor-element-5801d37 e-con-full e-flex e-con e-child\" data-id=\"5801d37\" data-element_type=\"container\" data-e-type=\"container\">\n\t\t\t\t<div class=\"elementor-element elementor-element-3892f31 elementor-widget elementor-widget-image\" data-id=\"3892f31\" data-element_type=\"widget\" data-e-type=\"widget\" data-widget_type=\"image.default\">\n\t\t\t\t\t\t\t\t\t\t\t\t\t\t\t<img decoding=\"async\" src=\"https:\/\/www.planadenjan.com\/wp-content\/uploads\/elementor\/thumbs\/joan-marrugat-rj3oubr0e4dozdkvp74v77zhdxbixv2msx3bjx5rpk.jpg\" title=\"joan-marrugat\" alt=\"Joan Marrugat Mar\u00ed\" loading=\"lazy\" \/>\t\t\t\t\t\t\t\t\t\t\t\t\t\t\t<\/div>\n\t\t\t\t<div class=\"elementor-element elementor-element-6303c9b elementor-widget elementor-widget-text-editor\" data-id=\"6303c9b\" data-element_type=\"widget\" data-e-type=\"widget\" data-widget_type=\"text-editor.default\">\n\t\t\t\t\t\t\t\t\t<p><em>4a generaci\u00f3n &#8211; Joan Marrugat Mar\u00edn<\/em><\/p>\t\t\t\t\t\t\t\t<\/div>\n\t\t\t\t<\/div>\n\t\t<div class=\"elementor-element elementor-element-5d16929 e-con-full e-flex e-con e-child\" data-id=\"5d16929\" data-element_type=\"container\" data-e-type=\"container\">\n\t\t\t\t<div class=\"elementor-element elementor-element-34cd624 elementor-widget elementor-widget-image\" data-id=\"34cd624\" data-element_type=\"widget\" data-e-type=\"widget\" data-widget_type=\"image.default\">\n\t\t\t\t\t\t\t\t\t\t\t\t\t\t\t<img decoding=\"async\" src=\"https:\/\/www.planadenjan.com\/wp-content\/uploads\/elementor\/thumbs\/nenes-rj3ovjxfbc2651spj88byeu5b19rzmy0mzr53xc9l4.jpg\" title=\"nenes\" alt=\"Les nenes\" loading=\"lazy\" \/>\t\t\t\t\t\t\t\t\t\t\t\t\t\t\t<\/div>\n\t\t\t\t<div class=\"elementor-element elementor-element-d1e76eb elementor-widget elementor-widget-text-editor\" data-id=\"d1e76eb\" data-element_type=\"widget\" data-e-type=\"widget\" data-widget_type=\"text-editor.default\">\n\t\t\t\t\t\t\t\t\t<p><em>5a generaci\u00f3n<\/em><\/p>\t\t\t\t\t\t\t\t<\/div>\n\t\t\t\t<\/div>\n\t\t\t\t<\/div>\n\t\t<div class=\"elementor-element elementor-element-dbbb358 e-flex e-con-boxed e-con e-parent\" data-id=\"dbbb358\" data-element_type=\"container\" data-e-type=\"container\">\n\t\t\t\t\t<div class=\"e-con-inner\">\n\t\t\t\t<div class=\"elementor-element elementor-element-fa0c94a elementor-widget elementor-widget-heading\" data-id=\"fa0c94a\" data-element_type=\"widget\" data-e-type=\"widget\" data-widget_type=\"heading.default\">\n\t\t\t\t\t<h2 class=\"elementor-heading-title elementor-size-default\">Plana d'en Jan en la actualidad<\/h2>\t\t\t\t<\/div>\n\t\t\t\t<div class=\"elementor-element elementor-element-6148e36 elementor-widget__width-initial elementor-widget elementor-widget-text-editor\" data-id=\"6148e36\" data-element_type=\"widget\" data-e-type=\"widget\" data-widget_type=\"text-editor.default\">\n\t\t\t\t\t\t\t\t\t<p data-start=\"595\" data-end=\"906\"><strong data-start=\"618\" data-end=\"641\">Joan Marrugat Bolet<\/strong> planta toda la superficie de la finca de vi\u00f1edo, comienza a hacer las primeras vi\u00f1as emparradas y, en definitiva, moderniza la explotaci\u00f3n.<br>Deja de elaborar vino en la bodega en <strong data-start=\"805\" data-end=\"813\">1985 <\/strong>y, desde entonces hasta <strong data-start=\"842\" data-end=\"850\">2017<\/strong>, se ha vendido toda la uva a grandes elaboradores del Pened\u00e8s.<\/p><p data-start=\"908\" data-end=\"1114\" data-is-last-node=\"\" data-is-only-node=\"\">Actualmente, el Celler Plana d\u2019en Jan se queda con menos de un <strong data-start=\"964\" data-end=\"993\">10 % de las mejores vi\u00f1as <\/strong>de la finca para elaborar <strong data-start=\"1019\" data-end=\"1043\">sus propios vinos<\/strong>, y el otro 90 % de la explotaci\u00f3n se sigue vendiendo a grandes elaboradores.<\/p>\t\t\t\t\t\t\t\t<\/div>\n\t\t\t\t\t<\/div>\n\t\t\t\t<\/div>\n\t\t<div class=\"elementor-element elementor-element-f30db95 e-con-full e-flex e-con e-parent\" data-id=\"f30db95\" data-element_type=\"container\" data-e-type=\"container\" data-settings=\"{&quot;background_background&quot;:&quot;classic&quot;}\">\n\t\t<div class=\"elementor-element elementor-element-0d8d408 e-con-full e-flex e-con e-child\" data-id=\"0d8d408\" data-element_type=\"container\" data-e-type=\"container\">\n\t\t\t\t<div class=\"elementor-element elementor-element-f885323 elementor-widget elementor-widget-image\" data-id=\"f885323\" data-element_type=\"widget\" data-e-type=\"widget\" data-widget_type=\"image.default\">\n\t\t\t\t\t\t\t\t\t\t\t\t\t\t\t<img decoding=\"async\" src=\"https:\/\/www.planadenjan.com\/wp-content\/uploads\/elementor\/thumbs\/NENES-XAFANT-RAIM-rj3pwxyb638rynhj7e234z67ysze67dn41ygc5wi2w.jpg\" title=\"NENES-XAFANT-RAIM\" alt=\"cinquena generaci\u00f3\" loading=\"lazy\" \/>\t\t\t\t\t\t\t\t\t\t\t\t\t\t\t<\/div>\n\t\t\t\t<\/div>\n\t\t<div class=\"elementor-element elementor-element-bf342c4 e-con-full e-flex e-con e-child\" data-id=\"bf342c4\" data-element_type=\"container\" data-e-type=\"container\">\n\t\t\t\t<div class=\"elementor-element elementor-element-3a0b1cd elementor-widget elementor-widget-image\" data-id=\"3a0b1cd\" data-element_type=\"widget\" data-e-type=\"widget\" data-widget_type=\"image.default\">\n\t\t\t\t\t\t\t\t\t\t\t\t\t\t\t<img decoding=\"async\" src=\"https:\/\/www.planadenjan.com\/wp-content\/uploads\/elementor\/thumbs\/vinyes3-q1m6y160gt9n9dnboo8b4wasd4m2wo7bqfgvzhaf7s.jpg\" title=\"vinyes3\" alt=\"vinyes3\" loading=\"lazy\" \/>\t\t\t\t\t\t\t\t\t\t\t\t\t\t\t<\/div>\n\t\t\t\t<\/div>\n\t\t<div class=\"elementor-element elementor-element-d04dd67 e-con-full e-flex e-con e-child\" data-id=\"d04dd67\" data-element_type=\"container\" data-e-type=\"container\">\n\t\t\t\t<div class=\"elementor-element elementor-element-73dfab0 elementor-widget elementor-widget-image\" data-id=\"73dfab0\" data-element_type=\"widget\" data-e-type=\"widget\" data-widget_type=\"image.default\">\n\t\t\t\t\t\t\t\t\t\t\t\t\t\t\t<img decoding=\"async\" src=\"https:\/\/www.planadenjan.com\/wp-content\/uploads\/elementor\/thumbs\/planadenjan_vinyes-q1lvtrk66lbzb722ynlkcwihs9h74p66pajczmroug.jpg\" title=\"planadenjan_vinyes\" alt=\"planadenjan_vinyes\" loading=\"lazy\" \/>\t\t\t\t\t\t\t\t\t\t\t\t\t\t\t<\/div>\n\t\t\t\t<\/div>\n\t\t\t\t<\/div>\n\t\t\t\t<\/div>\n\t\t","protected":false},"excerpt":{"rendered":"<p>Historia de la familia Marrugat Cuatro generaciones de viticultores Finca Mas d&#8217;en Benet &#8211; Desde 1895 El bisabuelo Joan Marrugat Mart\u00ed comerciaba con vino en el almac\u00e9n de Vilafranca del Pened\u00e8s de la calle Pere Alegret. Pero \u00e9l quer\u00eda construir una bodega y vinificar sus propios vi\u00f1edos, por eso compra la mas\u00eda y la finca [&hellip;]<\/p>\n","protected":false},"author":3,"featured_media":0,"parent":0,"menu_order":0,"comment_status":"closed","ping_status":"closed","template":"elementor_header_footer","meta":{"footnotes":""},"class_list":["post-417","page","type-page","status-publish","hentry"],"yoast_head":"<!-- This site is optimized with the Yoast SEO plugin v27.0 - https:\/\/yoast.com\/product\/yoast-seo-wordpress\/ -->\n<title>Historia - PLANA DEN JAN<\/title>\n<meta name=\"robots\" content=\"index, follow, max-snippet:-1, max-image-preview:large, max-video-preview:-1\" \/>\n<link rel=\"canonical\" href=\"https:\/\/www.planadenjan.com\/es\/historia\/\" \/>\n<meta property=\"og:locale\" content=\"es_ES\" \/>\n<meta property=\"og:type\" content=\"article\" \/>\n<meta property=\"og:title\" content=\"Historia - PLANA DEN JAN\" \/>\n<meta property=\"og:description\" content=\"Historia de la familia Marrugat Cuatro generaciones de viticultores Finca Mas d&#8217;en Benet &#8211; Desde 1895 El bisabuelo Joan Marrugat Mart\u00ed comerciaba con vino en el almac\u00e9n de Vilafranca del Pened\u00e8s de la calle Pere Alegret. Pero \u00e9l quer\u00eda construir una bodega y vinificar sus propios vi\u00f1edos, por eso compra la mas\u00eda y la finca [&hellip;]\" \/>\n<meta property=\"og:url\" content=\"https:\/\/www.planadenjan.com\/es\/historia\/\" \/>\n<meta property=\"og:site_name\" content=\"PLANA DEN JAN\" \/>\n<meta property=\"article:modified_time\" content=\"2026-03-12T09:04:31+00:00\" \/>\n<meta property=\"og:image\" content=\"https:\/\/www.planadenjan.com\/wp-content\/uploads\/elementor\/thumbs\/foto-besavi-q1m5n421bj1dq3sunw3q68jgvpvhokxoa75cl8uvt4.jpg\" \/>\n<meta name=\"twitter:card\" content=\"summary_large_image\" \/>\n<meta name=\"twitter:label1\" content=\"Tiempo de lectura\" \/>\n\t<meta name=\"twitter:data1\" content=\"1 minuto\" \/>\n<script type=\"application\/ld+json\" class=\"yoast-schema-graph\">{\"@context\":\"https:\/\/schema.org\",\"@graph\":[{\"@type\":\"WebPage\",\"@id\":\"https:\/\/www.planadenjan.com\/es\/historia\/\",\"url\":\"https:\/\/www.planadenjan.com\/es\/historia\/\",\"name\":\"Historia - PLANA DEN JAN\",\"isPartOf\":{\"@id\":\"https:\/\/www.planadenjan.com\/#website\"},\"primaryImageOfPage\":{\"@id\":\"https:\/\/www.planadenjan.com\/es\/historia\/#primaryimage\"},\"image\":{\"@id\":\"https:\/\/www.planadenjan.com\/es\/historia\/#primaryimage\"},\"thumbnailUrl\":\"https:\/\/www.planadenjan.com\/wp-content\/uploads\/elementor\/thumbs\/foto-besavi-q1m5n421bj1dq3sunw3q68jgvpvhokxoa75cl8uvt4.jpg\",\"datePublished\":\"2026-02-12T09:09:56+00:00\",\"dateModified\":\"2026-03-12T09:04:31+00:00\",\"breadcrumb\":{\"@id\":\"https:\/\/www.planadenjan.com\/es\/historia\/#breadcrumb\"},\"inLanguage\":\"es\",\"potentialAction\":[{\"@type\":\"ReadAction\",\"target\":[\"https:\/\/www.planadenjan.com\/es\/historia\/\"]}]},{\"@type\":\"ImageObject\",\"inLanguage\":\"es\",\"@id\":\"https:\/\/www.planadenjan.com\/es\/historia\/#primaryimage\",\"url\":\"https:\/\/www.planadenjan.com\/wp-content\/uploads\/elementor\/thumbs\/foto-besavi-q1m5n421bj1dq3sunw3q68jgvpvhokxoa75cl8uvt4.jpg\",\"contentUrl\":\"https:\/\/www.planadenjan.com\/wp-content\/uploads\/elementor\/thumbs\/foto-besavi-q1m5n421bj1dq3sunw3q68jgvpvhokxoa75cl8uvt4.jpg\"},{\"@type\":\"BreadcrumbList\",\"@id\":\"https:\/\/www.planadenjan.com\/es\/historia\/#breadcrumb\",\"itemListElement\":[{\"@type\":\"ListItem\",\"position\":1,\"name\":\"Portada\",\"item\":\"https:\/\/www.planadenjan.com\/es\/inicio\/\"},{\"@type\":\"ListItem\",\"position\":2,\"name\":\"Historia\"}]},{\"@type\":\"WebSite\",\"@id\":\"https:\/\/www.planadenjan.com\/#website\",\"url\":\"https:\/\/www.planadenjan.com\/\",\"name\":\"PLANA DEN JAN\",\"description\":\"Microvinificacions de parcel.les \u00faniques amb minima intervenci\u00f3 en ple cor del Pened\u00e8s\",\"potentialAction\":[{\"@type\":\"SearchAction\",\"target\":{\"@type\":\"EntryPoint\",\"urlTemplate\":\"https:\/\/www.planadenjan.com\/?s={search_term_string}\"},\"query-input\":{\"@type\":\"PropertyValueSpecification\",\"valueRequired\":true,\"valueName\":\"search_term_string\"}}],\"inLanguage\":\"es\"}]}<\/script>\n<!-- \/ Yoast SEO plugin. -->","yoast_head_json":{"title":"Historia - PLANA DEN JAN","robots":{"index":"index","follow":"follow","max-snippet":"max-snippet:-1","max-image-preview":"max-image-preview:large","max-video-preview":"max-video-preview:-1"},"canonical":"https:\/\/www.planadenjan.com\/es\/historia\/","og_locale":"es_ES","og_type":"article","og_title":"Historia - PLANA DEN JAN","og_description":"Historia de la familia Marrugat Cuatro generaciones de viticultores Finca Mas d&#8217;en Benet &#8211; Desde 1895 El bisabuelo Joan Marrugat Mart\u00ed comerciaba con vino en el almac\u00e9n de Vilafranca del Pened\u00e8s de la calle Pere Alegret. Pero \u00e9l quer\u00eda construir una bodega y vinificar sus propios vi\u00f1edos, por eso compra la mas\u00eda y la finca [&hellip;]","og_url":"https:\/\/www.planadenjan.com\/es\/historia\/","og_site_name":"PLANA DEN JAN","article_modified_time":"2026-03-12T09:04:31+00:00","og_image":[{"url":"https:\/\/www.planadenjan.com\/wp-content\/uploads\/elementor\/thumbs\/foto-besavi-q1m5n421bj1dq3sunw3q68jgvpvhokxoa75cl8uvt4.jpg","type":"","width":"","height":""}],"twitter_card":"summary_large_image","twitter_misc":{"Tiempo de lectura":"1 minuto"},"schema":{"@context":"https:\/\/schema.org","@graph":[{"@type":"WebPage","@id":"https:\/\/www.planadenjan.com\/es\/historia\/","url":"https:\/\/www.planadenjan.com\/es\/historia\/","name":"Historia - PLANA DEN JAN","isPartOf":{"@id":"https:\/\/www.planadenjan.com\/#website"},"primaryImageOfPage":{"@id":"https:\/\/www.planadenjan.com\/es\/historia\/#primaryimage"},"image":{"@id":"https:\/\/www.planadenjan.com\/es\/historia\/#primaryimage"},"thumbnailUrl":"https:\/\/www.planadenjan.com\/wp-content\/uploads\/elementor\/thumbs\/foto-besavi-q1m5n421bj1dq3sunw3q68jgvpvhokxoa75cl8uvt4.jpg","datePublished":"2026-02-12T09:09:56+00:00","dateModified":"2026-03-12T09:04:31+00:00","breadcrumb":{"@id":"https:\/\/www.planadenjan.com\/es\/historia\/#breadcrumb"},"inLanguage":"es","potentialAction":[{"@type":"ReadAction","target":["https:\/\/www.planadenjan.com\/es\/historia\/"]}]},{"@type":"ImageObject","inLanguage":"es","@id":"https:\/\/www.planadenjan.com\/es\/historia\/#primaryimage","url":"https:\/\/www.planadenjan.com\/wp-content\/uploads\/elementor\/thumbs\/foto-besavi-q1m5n421bj1dq3sunw3q68jgvpvhokxoa75cl8uvt4.jpg","contentUrl":"https:\/\/www.planadenjan.com\/wp-content\/uploads\/elementor\/thumbs\/foto-besavi-q1m5n421bj1dq3sunw3q68jgvpvhokxoa75cl8uvt4.jpg"},{"@type":"BreadcrumbList","@id":"https:\/\/www.planadenjan.com\/es\/historia\/#breadcrumb","itemListElement":[{"@type":"ListItem","position":1,"name":"Portada","item":"https:\/\/www.planadenjan.com\/es\/inicio\/"},{"@type":"ListItem","position":2,"name":"Historia"}]},{"@type":"WebSite","@id":"https:\/\/www.planadenjan.com\/#website","url":"https:\/\/www.planadenjan.com\/","name":"PLANA DEN JAN","description":"Microvinificacions de parcel.les \u00faniques amb minima intervenci\u00f3 en ple cor del Pened\u00e8s","potentialAction":[{"@type":"SearchAction","target":{"@type":"EntryPoint","urlTemplate":"https:\/\/www.planadenjan.com\/?s={search_term_string}"},"query-input":{"@type":"PropertyValueSpecification","valueRequired":true,"valueName":"search_term_string"}}],"inLanguage":"es"}]}},"_links":{"self":[{"href":"https:\/\/www.planadenjan.com\/es\/wp-json\/wp\/v2\/pages\/417","targetHints":{"allow":["GET"]}}],"collection":[{"href":"https:\/\/www.planadenjan.com\/es\/wp-json\/wp\/v2\/pages"}],"about":[{"href":"https:\/\/www.planadenjan.com\/es\/wp-json\/wp\/v2\/types\/page"}],"author":[{"embeddable":true,"href":"https:\/\/www.planadenjan.com\/es\/wp-json\/wp\/v2\/users\/3"}],"replies":[{"embeddable":true,"href":"https:\/\/www.planadenjan.com\/es\/wp-json\/wp\/v2\/comments?post=417"}],"version-history":[{"count":2,"href":"https:\/\/www.planadenjan.com\/es\/wp-json\/wp\/v2\/pages\/417\/revisions"}],"predecessor-version":[{"id":537,"href":"https:\/\/www.planadenjan.com\/es\/wp-json\/wp\/v2\/pages\/417\/revisions\/537"}],"wp:attachment":[{"href":"https:\/\/www.planadenjan.com\/es\/wp-json\/wp\/v2\/media?parent=417"}],"curies":[{"name":"wp","href":"https:\/\/api.w.org\/{rel}","templated":true}]}}